{"id":89,"date":"2017-12-29T01:07:59","date_gmt":"2017-12-29T01:07:59","guid":{"rendered":"http:\/\/musicalgames.com.br\/login\/?page_id=89"},"modified":"2024-04-03T22:56:09","modified_gmt":"2024-04-03T22:56:09","slug":"jogos","status":"publish","type":"page","link":"https:\/\/musicalgames.com.br\/login\/jogos\/","title":{"rendered":"Jogos"},"content":{"rendered":"<div class=\"members-access-error\">Ol\u00e1,<\/p>\n<p>Voc\u00ea n\u00e3o tem permiss\u00e3o para visualizar este conte\u00fado.<\/p>\n<p>Para maiores informa\u00e7\u00f5es, entre em contato com sua escola.<\/p><\/div>\n","protected":false},"excerpt":{"rendered":"<div class=\"members-access-error\">Ol\u00e1,<\/p>\n<p>Voc\u00ea n\u00e3o tem permiss\u00e3o para visualizar este conte\u00fado.<\/p>\n<p>Para maiores informa\u00e7\u00f5es, entre em contato com sua escola.<\/p><\/div>\n","protected":false},"author":1,"featured_media":0,"parent":0,"menu_order":0,"comment_status":"closed","ping_status":"closed","template":"","meta":{"_et_pb_use_builder":"on","_et_pb_old_content":"<iframe style=\"overflow: hidden; height: 600px; width: 100%;\" src=\"http:\/\/jogosmusicais.mus.br\/tes\/aviao\/\" width=\"100%\" height=\"600px\" frameborder=\"0\"><\/iframe>","_et_gb_content_width":"","footnotes":""},"class_list":["post-89","page","type-page","status-publish","hentry"],"_links":{"self":[{"href":"https:\/\/musicalgames.com.br\/login\/wp-json\/wp\/v2\/pages\/89","targetHints":{"allow":["GET"]}}],"collection":[{"href":"https:\/\/musicalgames.com.br\/login\/wp-json\/wp\/v2\/pages"}],"about":[{"href":"https:\/\/musicalgames.com.br\/login\/wp-json\/wp\/v2\/types\/page"}],"author":[{"embeddable":true,"href":"https:\/\/musicalgames.com.br\/login\/wp-json\/wp\/v2\/users\/1"}],"replies":[{"embeddable":true,"href":"https:\/\/musicalgames.com.br\/login\/wp-json\/wp\/v2\/comments?post=89"}],"version-history":[{"count":65,"href":"https:\/\/musicalgames.com.br\/login\/wp-json\/wp\/v2\/pages\/89\/revisions"}],"predecessor-version":[{"id":1827,"href":"https:\/\/musicalgames.com.br\/login\/wp-json\/wp\/v2\/pages\/89\/revisions\/1827"}],"wp:attachment":[{"href":"https:\/\/musicalgames.com.br\/login\/wp-json\/wp\/v2\/media?parent=89"}],"curies":[{"name":"wp","href":"https:\/\/api.w.org\/{rel}","templated":true}]}}